{"id":2105,"date":"2025-06-19T16:59:53","date_gmt":"2025-06-19T16:59:53","guid":{"rendered":"https:\/\/uluslararasiakademikenneagramarastirmadernegi.com\/?page_id=2105"},"modified":"2025-06-19T18:08:05","modified_gmt":"2025-06-19T18:08:05","slug":"enneagram-nedir","status":"publish","type":"page","link":"https:\/\/uluslararasiakademikenneagramarastirmadernegi.com\/en\/enneagram-nedir\/","title":{"rendered":"What is Enneagram?"},"content":{"rendered":"<div data-elementor-type=\"wp-page\" data-elementor-id=\"2105\" class=\"elementor elementor-2105\">\n\t\t\t\t<div class=\"elementor-element elementor-element-1531825 e-flex e-con-boxed e-con e-parent\" data-id=\"1531825\" data-element_type=\"container\" data-settings=\"{&quot;background_background&quot;:&quot;classic&quot;}\">\n\t\t\t\t\t<div class=\"e-con-inner\">\n\t\t\t\t<div class=\"elementor-element elementor-element-1b8baa2 elementor-widget elementor-widget-image-box\" data-id=\"1b8baa2\" data-element_type=\"widget\" data-widget_type=\"image-box.default\">\n\t\t\t\t<div class=\"elementor-widget-container\">\n\t\t\t\t\t<div class=\"elementor-image-box-wrapper\"><div class=\"elementor-image-box-content\"><h1 class=\"elementor-image-box-title\">What is the Enneagram?<\/h1><p class=\"elementor-image-box-description\">The Enneagram is a dynamic and powerful system used to understand human personality and motivations <\/p><\/div><\/div>\t\t\t\t<\/div>\n\t\t\t\t<\/div>\n\t\t\t\t\t<\/div>\n\t\t\t\t<\/div>\n\t\t<div class=\"elementor-element elementor-element-e171c13 e-flex e-con-boxed e-con e-parent\" data-id=\"e171c13\" data-element_type=\"container\" data-settings=\"{&quot;background_background&quot;:&quot;classic&quot;}\">\n\t\t\t\t\t<div class=\"e-con-inner\">\n\t\t<div class=\"elementor-element elementor-element-ada20af e-con-full e-flex e-con e-child\" data-id=\"ada20af\" data-element_type=\"container\">\n\t\t\t\t<div class=\"elementor-element elementor-element-8364dbf elementor-widget elementor-widget-image-box\" data-id=\"8364dbf\" data-element_type=\"widget\" data-widget_type=\"image-box.default\">\n\t\t\t\t<div class=\"elementor-widget-container\">\n\t\t\t\t\t<div class=\"elementor-image-box-wrapper\"><div class=\"elementor-image-box-content\"><h3 class=\"elementor-image-box-title\">What is the Enneagram? <\/h3><p class=\"elementor-image-box-description translation-block\">The Enneagram is a dynamic and powerful system used to understand human personality and motivations. It is derived from the Greek words \"ennea\" meaning \"nine\" and \"grammos\" meaning \"figure.\" This name refers to the nine-pointed symbol at the heart of the system, representing nine distinct personality types\u2014each with its own unique worldview, core motivations, and behavioral patterns.\n<br><br>\nAt UAEAD, we regard the Enneagram not only as a tool for personal development but also as <b>a psychological model worthy of investigation through scientific methods<\/b>. The insights offered by the Enneagram allow individuals to gain a deeper understanding of their inner world and the motivations of others. This, in turn, fosters self-awareness, strengthens interpersonal relationships, and contributes to healthier communication and development on both individual and societal levels.\n<br><br>\nOur association aims to reveal the potential that this ancient wisdom offers to modern people by examining the origins, historical evolution, and interactions of the Enneagram with modern psychology through scientific research. Our goal is to enhance the scientific validity and reliability of the Enneagram and to expand its applications across disciplines such as psychology, sociology, education, and neuroscience.<\/p><\/div><\/div>\t\t\t\t<\/div>\n\t\t\t\t<\/div>\n\t\t\t\t<div class=\"elementor-element elementor-element-7fed46 elementor-widget elementor-widget-button\" data-id=\"7fed46\" data-element_type=\"widget\" data-widget_type=\"button.default\">\n\t\t\t\t<div class=\"elementor-widget-container\">\n\t\t\t\t\t\t\t\t\t<div class=\"elementor-button-wrapper\">\n\t\t\t\t\t<a class=\"elementor-button elementor-button-link elementor-size-sm\" href=\"https:\/\/uluslararasiakademikenneagramarastirmadernegi.com\/en\/enneagram-tipleri\/\">\n\t\t\t\t\t\t<span class=\"elementor-button-content-wrapper\">\n\t\t\t\t\t\t<span class=\"elementor-button-icon\">\n\t\t\t\t<svg aria-hidden=\"true\" class=\"e-font-icon-svg e-fas-long-arrow-alt-right\" viewbox=\"0 0 448 512\" xmlns=\"http:\/\/www.w3.org\/2000\/svg\"><path d=\"M313.941 216H12c-6.627 0-12 5.373-12 12v56c0 6.627 5.373 12 12 12h301.941v46.059c0 21.382 25.851 32.09 40.971 16.971l86.059-86.059c9.373-9.373 9.373-24.569 0-33.941l-86.059-86.059c-15.119-15.119-40.971-4.411-40.971 16.971V216z\"><\/path><\/svg>\t\t\t<\/span>\n\t\t\t\t\t\t\t\t\t<span class=\"elementor-button-text\">Enneagram Types<\/span>\n\t\t\t\t\t<\/span>\n\t\t\t\t\t<\/a>\n\t\t\t\t<\/div>\n\t\t\t\t\t\t\t\t<\/div>\n\t\t\t\t<\/div>\n\t\t\t\t<\/div>\n\t\t\t\t\t<\/div>\n\t\t\t\t<\/div>\n\t\t\t\t<\/div>","protected":false},"excerpt":{"rendered":"<p>Enneagram Nedir? Enneagram, insan ki\u015fili\u011fini ve motivasyonlar\u0131n\u0131 anlamak i\u00e7in kullan\u0131lan dinamik ve g\u00fc\u00e7l\u00fc bir sistemdir. Enneagram Nedir? Enneagram, insan ki\u015fili\u011fini ve motivasyonlar\u0131n\u0131 anlamak i\u00e7in kullan\u0131lan dinamik ve g\u00fc\u00e7l\u00fc bir sistemdir. Yunanca &#8220;dokuz&#8221; anlam\u0131na gelen &#8220;ennea&#8221; ve &#8220;\u015fekil&#8221; anlam\u0131na gelen &#8220;grammos&#8221; kelimelerinden t\u00fcretilmi\u015ftir. Bu isim, sistemin merkezindeki dokuz k\u00f6\u015feli sembol\u00fc ve her biri kendine \u00f6zg\u00fc bir [&hellip;]<\/p>","protected":false},"author":1,"featured_media":0,"parent":0,"menu_order":0,"comment_status":"closed","ping_status":"closed","template":"","meta":{"site-sidebar-layout":"no-sidebar","site-content-layout":"page-builder","ast-site-content-layout":"full-width-container","site-content-style":"default","site-sidebar-style":"default","ast-global-header-display":"","ast-banner-title-visibility":"disabled","ast-main-header-display":"","ast-hfb-above-header-display":"","ast-hfb-below-header-display":"","ast-hfb-mobile-header-display":"","site-post-title":"disabled","ast-breadcrumbs-content":"","ast-featured-img":"disabled","footer-sml-layout":"","theme-transparent-header-meta":"enabled","adv-header-id-meta":"","stick-header-meta":"","header-above-stick-meta":"","header-main-stick-meta":"","header-below-stick-meta":"","astra-migrate-meta-layouts":"set","ast-page-background-enabled":"default","ast-page-background-meta":{"desktop":{"background-color":"var(--ast-global-color-4)","background-image":"","background-repeat":"repeat","background-position":"center center","background-size":"auto","background-attachment":"scroll","background-type":"","background-media":"","overlay-type":"","overlay-color":"","overlay-opacity":"","overlay-gradient":""},"tablet":{"background-color":"","background-image":"","background-repeat":"repeat","background-position":"center center","background-size":"auto","background-attachment":"scroll","background-type":"","background-media":"","overlay-type":"","overlay-color":"","overlay-opacity":"","overlay-gradient":""},"mobile":{"background-color":"","background-image":"","background-repeat":"repeat","background-position":"center center","background-size":"auto","background-attachment":"scroll","background-type":"","background-media":"","overlay-type":"","overlay-color":"","overlay-opacity":"","overlay-gradient":""}},"ast-content-background-meta":{"desktop":{"background-color":"var(--ast-global-color-5)","background-image":"","background-repeat":"repeat","background-position":"center center","background-size":"auto","background-attachment":"scroll","background-type":"","background-media":"","overlay-type":"","overlay-color":"","overlay-opacity":"","overlay-gradient":""},"tablet":{"background-color":"var(--ast-global-color-5)","background-image":"","background-repeat":"repeat","background-position":"center center","background-size":"auto","background-attachment":"scroll","background-type":"","background-media":"","overlay-type":"","overlay-color":"","overlay-opacity":"","overlay-gradient":""},"mobile":{"background-color":"var(--ast-global-color-5)","background-image":"","background-repeat":"repeat","background-position":"center center","background-size":"auto","background-attachment":"scroll","background-type":"","background-media":"","overlay-type":"","overlay-color":"","overlay-opacity":"","overlay-gradient":""}},"footnotes":""},"class_list":["post-2105","page","type-page","status-publish","hentry"],"_links":{"self":[{"href":"https:\/\/uluslararasiakademikenneagramarastirmadernegi.com\/en\/wp-json\/wp\/v2\/pages\/2105","targetHints":{"allow":["GET"]}}],"collection":[{"href":"https:\/\/uluslararasiakademikenneagramarastirmadernegi.com\/en\/wp-json\/wp\/v2\/pages"}],"about":[{"href":"https:\/\/uluslararasiakademikenneagramarastirmadernegi.com\/en\/wp-json\/wp\/v2\/types\/page"}],"author":[{"embeddable":true,"href":"https:\/\/uluslararasiakademikenneagramarastirmadernegi.com\/en\/wp-json\/wp\/v2\/users\/1"}],"replies":[{"embeddable":true,"href":"https:\/\/uluslararasiakademikenneagramarastirmadernegi.com\/en\/wp-json\/wp\/v2\/comments?post=2105"}],"version-history":[{"count":19,"href":"https:\/\/uluslararasiakademikenneagramarastirmadernegi.com\/en\/wp-json\/wp\/v2\/pages\/2105\/revisions"}],"predecessor-version":[{"id":2160,"href":"https:\/\/uluslararasiakademikenneagramarastirmadernegi.com\/en\/wp-json\/wp\/v2\/pages\/2105\/revisions\/2160"}],"wp:attachment":[{"href":"https:\/\/uluslararasiakademikenneagramarastirmadernegi.com\/en\/wp-json\/wp\/v2\/media?parent=2105"}],"curies":[{"name":"wp","href":"https:\/\/api.w.org\/{rel}","templated":true}]}}