{"id":2122,"date":"2025-06-19T17:38:55","date_gmt":"2025-06-19T17:38:55","guid":{"rendered":"https:\/\/uluslararasiakademikenneagramarastirmadernegi.com\/?page_id=2122"},"modified":"2025-06-19T18:20:12","modified_gmt":"2025-06-19T18:20:12","slug":"enneagram-tipleri","status":"publish","type":"page","link":"https:\/\/uluslararasiakademikenneagramarastirmadernegi.com\/en\/enneagram-tipleri\/","title":{"rendered":"Enneagram Types"},"content":{"rendered":"<div data-elementor-type=\"wp-page\" data-elementor-id=\"2122\" class=\"elementor elementor-2122\">\n\t\t\t\t<div class=\"elementor-element elementor-element-1531825 e-flex e-con-boxed e-con e-parent\" data-id=\"1531825\" data-element_type=\"container\" data-settings=\"{&quot;background_background&quot;:&quot;classic&quot;}\">\n\t\t\t\t\t<div class=\"e-con-inner\">\n\t\t\t\t<div class=\"elementor-element elementor-element-1b8baa2 elementor-widget elementor-widget-image-box\" data-id=\"1b8baa2\" data-element_type=\"widget\" data-widget_type=\"image-box.default\">\n\t\t\t\t<div class=\"elementor-widget-container\">\n\t\t\t\t\t<div class=\"elementor-image-box-wrapper\"><div class=\"elementor-image-box-content\"><h1 class=\"elementor-image-box-title\">Enneagram Types<\/h1><p class=\"elementor-image-box-description\">The Enneagram system identifies nine core personality types by uncovering the fundamental motivations, fears, and desires that underlie human behavior. Each type has a unique perspective on the world, a distinct focus of attention, and a particular direction of energy. Rather than putting individuals into boxes, these types serve as a guide on a journey toward deeper understanding of oneself and others.<\/p><\/div><\/div>\t\t\t\t<\/div>\n\t\t\t\t<\/div>\n\t\t\t\t\t<\/div>\n\t\t\t\t<\/div>\n\t\t<div class=\"elementor-element elementor-element-e171c13 e-flex e-con-boxed e-con e-parent\" data-id=\"e171c13\" data-element_type=\"container\" data-settings=\"{&quot;background_background&quot;:&quot;classic&quot;}\">\n\t\t\t\t\t<div class=\"e-con-inner\">\n\t\t<div class=\"elementor-element elementor-element-ada20af e-con-full e-flex e-con e-child\" data-id=\"ada20af\" data-element_type=\"container\">\n\t\t\t\t<div class=\"elementor-element elementor-element-8364dbf elementor-widget elementor-widget-image-box\" data-id=\"8364dbf\" data-element_type=\"widget\" data-widget_type=\"image-box.default\">\n\t\t\t\t<div class=\"elementor-widget-container\">\n\t\t\t\t\t<div class=\"elementor-image-box-wrapper\"><div class=\"elementor-image-box-content\"><h3 class=\"elementor-image-box-title\">Enneagram Types<\/h3><p class=\"elementor-image-box-description translation-block\">The Enneagram system defines nine core personality types by uncovering the underlying motivations, fears, and desires behind human behavior. Each type has its own unique worldview, focus of attention, and direction of energy. Rather than putting individuals into boxes, these types serve as a guide on the journey toward deeper self-understanding and understanding of others.\n<br><br>\nAs the International Association for Academic Enneagram Studies, we examine each Enneagram type through psychometric, phenomenological, and experimental methods. Our goal is to support the neurobiological correlations, developmental trajectories, and cultural expressions of these types with scientific findings.\n<br><br>\nBelow, you will find brief summaries of the nine Enneagram types. For more detailed information about each type, you can visit their individual pages:\n<br><br>\n\u2022 <b>(Type 1) The Reformer\/Perfectionist:<\/b> Motivated by a desire to be right and honest. Principled, organized, and responsible.\n<br><br>\n\u2022 <b>(Type 2) The Helper\/Giver:<\/b> Motivated by the need to be loved and appreciated, they focus on others. Helpful, generous, and compassionate.\n<br><br>\n\u2022 <b>(Type 3) The Achiever\/Performer:<\/b> Driven by the desire to be valuable and successful. Hardworking, motivated, and image-conscious.\n<br><br>\n\u2022 <b>(Type 4) The Individualist\/Romantic:<\/b> Motivated by the need to feel unique and special. Emotional, creative, and deep.\n<br><br>\n\u2022 <b>(Type 5) The Investigator\/Observer:<\/b> Driven by the desire to be capable and understand the world. Wise, observant, and introspective.\n<br><br>\n\u2022 <b>(Type 6) The Loyalist\/Questioner:<\/b> Motivated by the search for security and support. Responsible, skeptical, and prepared.\n<br><br>\n\u2022 <b>(Type 7) The Enthusiast\/Adventurer:<\/b> Motivated by the pursuit of freedom and happiness. Joyful, versatile, and adventurous.\n<br><br>\n\u2022 <b>(Type 8) The Challenger\/Leader:<\/b> Driven by the desire to be strong and independent. Protective, confident, and direct.\n<br><br>\n\u2022 <b>(Type 9) The Peacemaker\/Mediator:<\/b> Motivated by the pursuit of inner peace and harmony. Accepting, supportive, and calm.\n<br><br><\/p><\/div><\/div>\t\t\t\t<\/div>\n\t\t\t\t<\/div>\n\t\t\t\t<div class=\"elementor-element elementor-element-7fed46 elementor-widget elementor-widget-button\" data-id=\"7fed46\" data-element_type=\"widget\" data-widget_type=\"button.default\">\n\t\t\t\t<div class=\"elementor-widget-container\">\n\t\t\t\t\t\t\t\t\t<div class=\"elementor-button-wrapper\">\n\t\t\t\t\t<a class=\"elementor-button elementor-button-link elementor-size-sm\" href=\"https:\/\/uluslararasiakademikenneagramarastirmadernegi.com\/en\/enneagram-ve-bilim\/\">\n\t\t\t\t\t\t<span class=\"elementor-button-content-wrapper\">\n\t\t\t\t\t\t<span class=\"elementor-button-icon\">\n\t\t\t\t<svg aria-hidden=\"true\" class=\"e-font-icon-svg e-fas-long-arrow-alt-right\" viewbox=\"0 0 448 512\" xmlns=\"http:\/\/www.w3.org\/2000\/svg\"><path d=\"M313.941 216H12c-6.627 0-12 5.373-12 12v56c0 6.627 5.373 12 12 12h301.941v46.059c0 21.382 25.851 32.09 40.971 16.971l86.059-86.059c9.373-9.373 9.373-24.569 0-33.941l-86.059-86.059c-15.119-15.119-40.971-4.411-40.971 16.971V216z\"><\/path><\/svg>\t\t\t<\/span>\n\t\t\t\t\t\t\t\t\t<span class=\"elementor-button-text\">Enneagram and Science<\/span>\n\t\t\t\t\t<\/span>\n\t\t\t\t\t<\/a>\n\t\t\t\t<\/div>\n\t\t\t\t\t\t\t\t<\/div>\n\t\t\t\t<\/div>\n\t\t\t\t<\/div>\n\t\t\t\t\t<\/div>\n\t\t\t\t<\/div>\n\t\t\t\t<\/div>","protected":false},"excerpt":{"rendered":"<p>Enneagram Tipleri Enneagram sistemi, insan davran\u0131\u015flar\u0131n\u0131n alt\u0131nda yatan temel motivasyonlar\u0131, korkular\u0131 ve arzular\u0131 ke\u015ffederek dokuz ana ki\u015filik tipini tan\u0131mlar. Her tip, d\u00fcnyaya \u00f6zg\u00fc bir bak\u0131\u015f a\u00e7\u0131s\u0131na, dikkat oda\u011f\u0131na ve enerji y\u00f6nelimine sahiptir. Bu tipler, bireyleri bir kutuya sokmak yerine, kendilerini ve ba\u015fkalar\u0131n\u0131 daha derinlemesine anlama yolculu\u011funda bir rehber g\u00f6revi g\u00f6r\u00fcr. Enneagram Tipleri Enneagram sistemi, insan [&hellip;]<\/p>","protected":false},"author":1,"featured_media":0,"parent":0,"menu_order":0,"comment_status":"closed","ping_status":"closed","template":"","meta":{"site-sidebar-layout":"no-sidebar","site-content-layout":"page-builder","ast-site-content-layout":"full-width-container","site-content-style":"default","site-sidebar-style":"default","ast-global-header-display":"","ast-banner-title-visibility":"disabled","ast-main-header-display":"","ast-hfb-above-header-display":"","ast-hfb-below-header-display":"","ast-hfb-mobile-header-display":"","site-post-title":"disabled","ast-breadcrumbs-content":"","ast-featured-img":"disabled","footer-sml-layout":"","theme-transparent-header-meta":"enabled","adv-header-id-meta":"","stick-header-meta":"","header-above-stick-meta":"","header-main-stick-meta":"","header-below-stick-meta":"","astra-migrate-meta-layouts":"set","ast-page-background-enabled":"default","ast-page-background-meta":{"desktop":{"background-color":"var(--ast-global-color-4)","background-image":"","background-repeat":"repeat","background-position":"center center","background-size":"auto","background-attachment":"scroll","background-type":"","background-media":"","overlay-type":"","overlay-color":"","overlay-opacity":"","overlay-gradient":""},"tablet":{"background-color":"","background-image":"","background-repeat":"repeat","background-position":"center center","background-size":"auto","background-attachment":"scroll","background-type":"","background-media":"","overlay-type":"","overlay-color":"","overlay-opacity":"","overlay-gradient":""},"mobile":{"background-color":"","background-image":"","background-repeat":"repeat","background-position":"center center","background-size":"auto","background-attachment":"scroll","background-type":"","background-media":"","overlay-type":"","overlay-color":"","overlay-opacity":"","overlay-gradient":""}},"ast-content-background-meta":{"desktop":{"background-color":"var(--ast-global-color-5)","background-image":"","background-repeat":"repeat","background-position":"center center","background-size":"auto","background-attachment":"scroll","background-type":"","background-media":"","overlay-type":"","overlay-color":"","overlay-opacity":"","overlay-gradient":""},"tablet":{"background-color":"var(--ast-global-color-5)","background-image":"","background-repeat":"repeat","background-position":"center center","background-size":"auto","background-attachment":"scroll","background-type":"","background-media":"","overlay-type":"","overlay-color":"","overlay-opacity":"","overlay-gradient":""},"mobile":{"background-color":"var(--ast-global-color-5)","background-image":"","background-repeat":"repeat","background-position":"center center","background-size":"auto","background-attachment":"scroll","background-type":"","background-media":"","overlay-type":"","overlay-color":"","overlay-opacity":"","overlay-gradient":""}},"footnotes":""},"class_list":["post-2122","page","type-page","status-publish","hentry"],"_links":{"self":[{"href":"https:\/\/uluslararasiakademikenneagramarastirmadernegi.com\/en\/wp-json\/wp\/v2\/pages\/2122","targetHints":{"allow":["GET"]}}],"collection":[{"href":"https:\/\/uluslararasiakademikenneagramarastirmadernegi.com\/en\/wp-json\/wp\/v2\/pages"}],"about":[{"href":"https:\/\/uluslararasiakademikenneagramarastirmadernegi.com\/en\/wp-json\/wp\/v2\/types\/page"}],"author":[{"embeddable":true,"href":"https:\/\/uluslararasiakademikenneagramarastirmadernegi.com\/en\/wp-json\/wp\/v2\/users\/1"}],"replies":[{"embeddable":true,"href":"https:\/\/uluslararasiakademikenneagramarastirmadernegi.com\/en\/wp-json\/wp\/v2\/comments?post=2122"}],"version-history":[{"count":13,"href":"https:\/\/uluslararasiakademikenneagramarastirmadernegi.com\/en\/wp-json\/wp\/v2\/pages\/2122\/revisions"}],"predecessor-version":[{"id":2169,"href":"https:\/\/uluslararasiakademikenneagramarastirmadernegi.com\/en\/wp-json\/wp\/v2\/pages\/2122\/revisions\/2169"}],"wp:attachment":[{"href":"https:\/\/uluslararasiakademikenneagramarastirmadernegi.com\/en\/wp-json\/wp\/v2\/media?parent=2122"}],"curies":[{"name":"wp","href":"https:\/\/api.w.org\/{rel}","templated":true}]}}