{"id":2362,"date":"2025-06-26T15:39:35","date_gmt":"2025-06-26T15:39:35","guid":{"rendered":"https:\/\/uluslararasiakademikenneagramarastirmadernegi.com\/?page_id=2362"},"modified":"2025-06-26T17:19:39","modified_gmt":"2025-06-26T17:19:39","slug":"tuzuk","status":"publish","type":"page","link":"https:\/\/uluslararasiakademikenneagramarastirmadernegi.com\/en\/tuzuk\/","title":{"rendered":"Bylaws"},"content":{"rendered":"<div data-elementor-type=\"wp-page\" data-elementor-id=\"2362\" class=\"elementor elementor-2362\">\n\t\t\t\t<div class=\"elementor-element elementor-element-1531825 e-flex e-con-boxed e-con e-parent\" data-id=\"1531825\" data-element_type=\"container\" data-settings=\"{&quot;background_background&quot;:&quot;classic&quot;}\">\n\t\t\t\t\t<div class=\"e-con-inner\">\n\t\t\t\t<div class=\"elementor-element elementor-element-1b8baa2 elementor-widget elementor-widget-image-box\" data-id=\"1b8baa2\" data-element_type=\"widget\" data-widget_type=\"image-box.default\">\n\t\t\t\t<div class=\"elementor-widget-container\">\n\t\t\t\t\t<div class=\"elementor-image-box-wrapper\"><div class=\"elementor-image-box-content\"><h1 class=\"elementor-image-box-title\">Bylaws<\/h1><\/div><\/div>\t\t\t\t<\/div>\n\t\t\t\t<\/div>\n\t\t\t\t\t<\/div>\n\t\t\t\t<\/div>\n\t\t<div class=\"elementor-element elementor-element-e171c13 e-flex e-con-boxed e-con e-parent\" data-id=\"e171c13\" data-element_type=\"container\" data-settings=\"{&quot;background_background&quot;:&quot;classic&quot;}\">\n\t\t\t\t\t<div class=\"e-con-inner\">\n\t\t<div class=\"elementor-element elementor-element-ada20af e-con-full e-flex e-con e-child\" data-id=\"ada20af\" data-element_type=\"container\">\n\t\t\t\t<div class=\"elementor-element elementor-element-8364dbf elementor-widget elementor-widget-image-box\" data-id=\"8364dbf\" data-element_type=\"widget\" data-widget_type=\"image-box.default\">\n\t\t\t\t<div class=\"elementor-widget-container\">\n\t\t\t\t\t<div class=\"elementor-image-box-wrapper\"><div class=\"elementor-image-box-content\"><h3 class=\"elementor-image-box-title\">Key Articles from Our Bylaws<\/h3><p class=\"elementor-image-box-description translation-block\">The International Association for Academic Enneagram Studies (UAEAD) is a non-governmental organization dedicated to the comprehensive understanding of the Enneagram, an ancient wisdom system, and its transformation into national and international scientific foundations and social benefit.\n<br>\nOur association is committed to discovering human potential and supporting individual and societal development.\n<br>\n\n<b>Our Core Objectives and Values:<\/b>\n<br>\nThe fundamental purpose of our association is to elevate the Enneagram personality types system beyond mere information, transforming it into a field enriched with academic depth, supported by scientific research, and grounded in ethical values. In this regard:\n<br>\nTo Promote and Disseminate the Enneagram on Scientific and Ethical Grounds at National and International Levels: By introducing the wide-ranging applications of the Enneagram in fields such as psychology, sociology, education, management, leadership, communication, and personal development, we aim to ensure its accurate and profound understanding on both national and international platforms. We encourage scientific research at international standards in this field and share the findings with the scientific community.\n<br>\nTo Conduct Comprehensive Education and Awareness Programs: We organize Enneagram-based training, seminars, workshops, and conferences that enable individuals to better understand themselves and their surroundings, and to realize their potential.\n<br>\nBy guiding personal transformation journeys, we offer Enneagram-based training programs specifically designed for companies and organizations at the institutional level, supporting the creation of productive and harmonious work environments.\n<br>\nTo Contribute to Society Through Social Responsibility and Solidarity: We aim to transform the insight offered by the Enneagram into social good. We develop awareness and transformation programs to support the personal development of disadvantaged groups (individuals facing economic, social, physical, or cultural barriers).\n<br>\nWe carry out social responsibility projects that strengthen empathy, tolerance, and the spirit of solidarity in society, and we work to ensure the active and equal participation of these groups in social life.\n<br><br>\n<b>Our Vision:<\/b>\n<br><br>\nAs UAEAD, our vision is to contribute to building a more conscious, empathetic, and cooperative society by blending the universal wisdom of the Enneagram with modern science, through national and international collaborations.\n<br><br>\nTransparency, participation, scientific principles, and an international perspective are our core principles on this path.\n<br><br>\nThe founding members who served as members of the Interim Board of Directors during the establishment of our association:\n<br><br>\n<b>\u0130smail Acarkan:<\/b> Interim Chairperson of the Board\n<br>\n<b>Hakime \u00d6zg\u00fcven:<\/b> Interim Vice Chairperson\n<br>\n<b>Ceyda Kaya:<\/b> Interim Secretary General\n<br>\n<b>Mehmet Aca:<\/b> Interim Treasurer\n<br>\n<b>Assoc. Prof. Dr. \u00d6mer Yanarta\u015f:<\/b> Founding Member\n<br>\n<b>S. Ece Ilg\u0131n:<\/b> Founding Member\n<br>\n<b>Duygu Sancak:<\/b> Founding Member\n<br>\n<b>Hasibe Zafer:<\/b> Founding Member<\/p><\/div><\/div>\t\t\t\t<\/div>\n\t\t\t\t<\/div>\n\t\t\t\t<\/div>\n\t\t\t\t\t<\/div>\n\t\t\t\t<\/div>\n\t\t\t\t<\/div>","protected":false},"excerpt":{"rendered":"<p>T\u00fcz\u00fck T\u00fcz\u00fc\u011f\u00fcm\u00fczden \u00d6nemli Ba\u015fl\u0131klar Uluslararas\u0131 Akademik Enneagram Ara\u015ft\u0131rmalar\u0131 Derne\u011fi (UAEAD) olarak, kadim bir bilgelik sistemi olan Enneagram&#8217;\u0131n t\u00fcm boyutlar\u0131yla anla\u015f\u0131lmas\u0131na, ulusal ve uluslararas\u0131 bilimsel temellere oturtulmas\u0131na ve toplumsal faydaya d\u00f6n\u00fc\u015ft\u00fcr\u00fclmesine adanm\u0131\u015f bir sivil toplum kurulu\u015fuyuz. Derne\u011fimiz, insan potansiyelini ke\u015ffetmeyi, bireysel ve toplumsal geli\u015fimi desteklemeyi temel misyon edinmi\u015ftir. Temel Ama\u00e7lar\u0131m\u0131z ve De\u011ferlerimiz: Derne\u011fimizin varolu\u015f amac\u0131, Enneagram [&hellip;]<\/p>","protected":false},"author":1,"featured_media":0,"parent":0,"menu_order":0,"comment_status":"closed","ping_status":"closed","template":"","meta":{"site-sidebar-layout":"no-sidebar","site-content-layout":"page-builder","ast-site-content-layout":"full-width-container","site-content-style":"default","site-sidebar-style":"default","ast-global-header-display":"","ast-banner-title-visibility":"disabled","ast-main-header-display":"","ast-hfb-above-header-display":"","ast-hfb-below-header-display":"","ast-hfb-mobile-header-display":"","site-post-title":"disabled","ast-breadcrumbs-content":"","ast-featured-img":"disabled","footer-sml-layout":"","theme-transparent-header-meta":"enabled","adv-header-id-meta":"","stick-header-meta":"","header-above-stick-meta":"","header-main-stick-meta":"","header-below-stick-meta":"","astra-migrate-meta-layouts":"set","ast-page-background-enabled":"default","ast-page-background-meta":{"desktop":{"background-color":"var(--ast-global-color-4)","background-image":"","background-repeat":"repeat","background-position":"center center","background-size":"auto","background-attachment":"scroll","background-type":"","background-media":"","overlay-type":"","overlay-color":"","overlay-opacity":"","overlay-gradient":""},"tablet":{"background-color":"","background-image":"","background-repeat":"repeat","background-position":"center center","background-size":"auto","background-attachment":"scroll","background-type":"","background-media":"","overlay-type":"","overlay-color":"","overlay-opacity":"","overlay-gradient":""},"mobile":{"background-color":"","background-image":"","background-repeat":"repeat","background-position":"center center","background-size":"auto","background-attachment":"scroll","background-type":"","background-media":"","overlay-type":"","overlay-color":"","overlay-opacity":"","overlay-gradient":""}},"ast-content-background-meta":{"desktop":{"background-color":"var(--ast-global-color-5)","background-image":"","background-repeat":"repeat","background-position":"center center","background-size":"auto","background-attachment":"scroll","background-type":"","background-media":"","overlay-type":"","overlay-color":"","overlay-opacity":"","overlay-gradient":""},"tablet":{"background-color":"var(--ast-global-color-5)","background-image":"","background-repeat":"repeat","background-position":"center center","background-size":"auto","background-attachment":"scroll","background-type":"","background-media":"","overlay-type":"","overlay-color":"","overlay-opacity":"","overlay-gradient":""},"mobile":{"background-color":"var(--ast-global-color-5)","background-image":"","background-repeat":"repeat","background-position":"center center","background-size":"auto","background-attachment":"scroll","background-type":"","background-media":"","overlay-type":"","overlay-color":"","overlay-opacity":"","overlay-gradient":""}},"footnotes":""},"class_list":["post-2362","page","type-page","status-publish","hentry"],"_links":{"self":[{"href":"https:\/\/uluslararasiakademikenneagramarastirmadernegi.com\/en\/wp-json\/wp\/v2\/pages\/2362","targetHints":{"allow":["GET"]}}],"collection":[{"href":"https:\/\/uluslararasiakademikenneagramarastirmadernegi.com\/en\/wp-json\/wp\/v2\/pages"}],"about":[{"href":"https:\/\/uluslararasiakademikenneagramarastirmadernegi.com\/en\/wp-json\/wp\/v2\/types\/page"}],"author":[{"embeddable":true,"href":"https:\/\/uluslararasiakademikenneagramarastirmadernegi.com\/en\/wp-json\/wp\/v2\/users\/1"}],"replies":[{"embeddable":true,"href":"https:\/\/uluslararasiakademikenneagramarastirmadernegi.com\/en\/wp-json\/wp\/v2\/comments?post=2362"}],"version-history":[{"count":13,"href":"https:\/\/uluslararasiakademikenneagramarastirmadernegi.com\/en\/wp-json\/wp\/v2\/pages\/2362\/revisions"}],"predecessor-version":[{"id":2407,"href":"https:\/\/uluslararasiakademikenneagramarastirmadernegi.com\/en\/wp-json\/wp\/v2\/pages\/2362\/revisions\/2407"}],"wp:attachment":[{"href":"https:\/\/uluslararasiakademikenneagramarastirmadernegi.com\/en\/wp-json\/wp\/v2\/media?parent=2362"}],"curies":[{"name":"wp","href":"https:\/\/api.w.org\/{rel}","templated":true}]}}